{"id":4607,"date":"2024-04-07T23:53:53","date_gmt":"2024-04-08T02:53:53","guid":{"rendered":"https:\/\/gruposur-re.com\/?post_type=product&#038;p=4607"},"modified":"2024-04-08T00:05:07","modified_gmt":"2024-04-08T03:05:07","slug":"termo-clasico-stanley-950ml","status":"publish","type":"product","link":"https:\/\/gruposur-re.com\/index.php\/product\/termo-clasico-stanley-950ml\/","title":{"rendered":"TERMO CL\u00c1SICO STANLEY 950ML"},"content":{"rendered":"<p>El ic\u00f3nico termo Stanley de 1L ha marcado las aventuras al aire libre durante generaciones. Obt\u00e9n este cl\u00e1sico y disfruta de una vida de bebidas calientes y recuerdos compartidos. Mantiene tus l\u00edquidos calientes o fr\u00edos durante 24 horas. La construcci\u00f3n robusta y el aislamiento al vac\u00edo de esta botella significa que puede manejar cualquier cosa, todo mientras mantiene sus bebidas calientes y fr\u00edas durante un d\u00eda completo. Lo suficientemente delgado como para sostenerlo con una mano, incluso tiene un tap\u00f3n 360\u00b0 para un vertido m\u00e1s suave. La tapa aislada tambi\u00e9n sirve como taza para beber.<\/p>\n","protected":false},"excerpt":{"rendered":"<p><strong>CAPACIDAD:<\/strong> 950ml<\/p>\n","protected":false},"featured_media":4608,"comment_status":"open","ping_status":"closed","template":"","meta":{"_joinchat":[]},"product_brand":[],"product_cat":[126],"product_tag":[],"class_list":{"0":"post-4607","1":"product","2":"type-product","3":"status-publish","4":"has-post-thumbnail","6":"product_cat-stanley-distribuidores-oficiales","8":"first","9":"instock","10":"shipping-taxable","11":"product-type-simple"},"_links":{"self":[{"href":"https:\/\/gruposur-re.com\/index.php\/wp-json\/wp\/v2\/product\/4607"}],"collection":[{"href":"https:\/\/gruposur-re.com\/index.php\/wp-json\/wp\/v2\/product"}],"about":[{"href":"https:\/\/gruposur-re.com\/index.php\/wp-json\/wp\/v2\/types\/product"}],"replies":[{"embeddable":true,"href":"https:\/\/gruposur-re.com\/index.php\/wp-json\/wp\/v2\/comments?post=4607"}],"wp:featuredmedia":[{"embeddable":true,"href":"https:\/\/gruposur-re.com\/index.php\/wp-json\/wp\/v2\/media\/4608"}],"wp:attachment":[{"href":"https:\/\/gruposur-re.com\/index.php\/wp-json\/wp\/v2\/media?parent=4607"}],"wp:term":[{"taxonomy":"product_brand","embeddable":true,"href":"https:\/\/gruposur-re.com\/index.php\/wp-json\/wp\/v2\/product_brand?post=4607"},{"taxonomy":"product_cat","embeddable":true,"href":"https:\/\/gruposur-re.com\/index.php\/wp-json\/wp\/v2\/product_cat?post=4607"},{"taxonomy":"product_tag","embeddable":true,"href":"https:\/\/gruposur-re.com\/index.php\/wp-json\/wp\/v2\/product_tag?post=4607"}],"curies":[{"name":"wp","href":"https:\/\/api.w.org\/{rel}","templated":true}]}}