{"id":4601,"date":"2024-04-07T23:48:52","date_gmt":"2024-04-08T02:48:52","guid":{"rendered":"https:\/\/gruposur-re.com\/?post_type=product&#038;p=4601"},"modified":"2024-04-08T00:05:00","modified_gmt":"2024-04-08T03:05:00","slug":"termo-clasico-stanley-591ml","status":"publish","type":"product","link":"https:\/\/gruposur-re.com\/index.php\/product\/termo-clasico-stanley-591ml\/","title":{"rendered":"TERMO CL\u00c1SICO STANLEY 591ML"},"content":{"rendered":"<p>En Argentina, el Termo Stanley Classic 591 ml es un art\u00edculo muy popular gracias a su resistencia y durabilidad. Dise\u00f1ado para soportar golpes, abolladuras e incluso ca\u00eddas, este peque\u00f1o termo es capaz de mantener la integridad t\u00e9rmica de tus bebidas favoritas. Con un dise\u00f1o delgado y ergon\u00f3mico, es f\u00e1cil de agarrar con una sola mano, lo que lo hace ideal para llevar con vos mientras est\u00e1s en movimiento. Adem\u00e1s, el dise\u00f1o a prueba de fugas cuenta con un tap\u00f3n cebador para un mejor control y una tapa aislada que tambi\u00e9n sirve como taza para beber. Si est\u00e1s buscando un termo de alta calidad que pueda soportar cualquier situaci\u00f3n, no busques m\u00e1s que el Termo Stanley Classic 591 ml.<\/p>\n","protected":false},"excerpt":{"rendered":"<p>CAPACIDAD: 591ml<\/p>\n","protected":false},"featured_media":4602,"comment_status":"open","ping_status":"closed","template":"","meta":{"_joinchat":[]},"product_brand":[],"product_cat":[126],"product_tag":[],"class_list":{"0":"post-4601","1":"product","2":"type-product","3":"status-publish","4":"has-post-thumbnail","6":"product_cat-stanley-distribuidores-oficiales","8":"first","9":"instock","10":"shipping-taxable","11":"product-type-simple"},"_links":{"self":[{"href":"https:\/\/gruposur-re.com\/index.php\/wp-json\/wp\/v2\/product\/4601"}],"collection":[{"href":"https:\/\/gruposur-re.com\/index.php\/wp-json\/wp\/v2\/product"}],"about":[{"href":"https:\/\/gruposur-re.com\/index.php\/wp-json\/wp\/v2\/types\/product"}],"replies":[{"embeddable":true,"href":"https:\/\/gruposur-re.com\/index.php\/wp-json\/wp\/v2\/comments?post=4601"}],"wp:featuredmedia":[{"embeddable":true,"href":"https:\/\/gruposur-re.com\/index.php\/wp-json\/wp\/v2\/media\/4602"}],"wp:attachment":[{"href":"https:\/\/gruposur-re.com\/index.php\/wp-json\/wp\/v2\/media?parent=4601"}],"wp:term":[{"taxonomy":"product_brand","embeddable":true,"href":"https:\/\/gruposur-re.com\/index.php\/wp-json\/wp\/v2\/product_brand?post=4601"},{"taxonomy":"product_cat","embeddable":true,"href":"https:\/\/gruposur-re.com\/index.php\/wp-json\/wp\/v2\/product_cat?post=4601"},{"taxonomy":"product_tag","embeddable":true,"href":"https:\/\/gruposur-re.com\/index.php\/wp-json\/wp\/v2\/product_tag?post=4601"}],"curies":[{"name":"wp","href":"https:\/\/api.w.org\/{rel}","templated":true}]}}