{"id":4596,"date":"2024-04-07T23:44:04","date_gmt":"2024-04-08T02:44:04","guid":{"rendered":"https:\/\/gruposur-re.com\/?post_type=product&#038;p=4596"},"modified":"2024-04-08T00:04:53","modified_gmt":"2024-04-08T03:04:53","slug":"one-hand-stanley-591ml","status":"publish","type":"product","link":"https:\/\/gruposur-re.com\/index.php\/product\/one-hand-stanley-591ml\/","title":{"rendered":"ONE HAND STANLEY 591ML"},"content":{"rendered":"<p>El vaso t\u00e9rmico Stanley One Hand 591 ml es un infaltable para aquellos que necesitan llevar su caf\u00e9, t\u00e9 o bebida favorita con ellos en cualquier lugar. Totalmente a prueba de fugas, este vaso puede mantener las bebidas calientes durante 9 horas y fr\u00edas durante 12 horas, o con hielo durante 40 horas, gracias a su dise\u00f1o de doble pared con aislamiento al vac\u00edo. Adem\u00e1s, su mecanismo de apertura con una sola mano te permite abrir, tomar y cerrar el vaso sin necesidad de quitar la tapa, lo que lo hace muy pr\u00e1ctico y f\u00e1cil de usar. Si compras el vaso t\u00e9rmico Stanley One Hand 591 ml en Argentina, pod\u00e9s disfrutar de una garant\u00eda de por vida siempre y cuando cumplas con los requisitos solicitados, este producto no es una excepci\u00f3n de la alta calidad de nuestra marca. No dudes en llevar con vos el vaso t\u00e9rmico Stanley One Hand 591 ml donde quiera que vayas, ya sea en la ciudad, en el campo o en la monta\u00f1a.<\/p>\n","protected":false},"excerpt":{"rendered":"<p><strong>CAPACIDAD:<\/strong> 591ml<\/p>\n","protected":false},"featured_media":4599,"comment_status":"open","ping_status":"closed","template":"","meta":{"_joinchat":[]},"product_brand":[],"product_cat":[126],"product_tag":[],"class_list":{"0":"post-4596","1":"product","2":"type-product","3":"status-publish","4":"has-post-thumbnail","6":"product_cat-stanley-distribuidores-oficiales","8":"first","9":"instock","10":"shipping-taxable","11":"product-type-simple"},"_links":{"self":[{"href":"https:\/\/gruposur-re.com\/index.php\/wp-json\/wp\/v2\/product\/4596"}],"collection":[{"href":"https:\/\/gruposur-re.com\/index.php\/wp-json\/wp\/v2\/product"}],"about":[{"href":"https:\/\/gruposur-re.com\/index.php\/wp-json\/wp\/v2\/types\/product"}],"replies":[{"embeddable":true,"href":"https:\/\/gruposur-re.com\/index.php\/wp-json\/wp\/v2\/comments?post=4596"}],"wp:featuredmedia":[{"embeddable":true,"href":"https:\/\/gruposur-re.com\/index.php\/wp-json\/wp\/v2\/media\/4599"}],"wp:attachment":[{"href":"https:\/\/gruposur-re.com\/index.php\/wp-json\/wp\/v2\/media?parent=4596"}],"wp:term":[{"taxonomy":"product_brand","embeddable":true,"href":"https:\/\/gruposur-re.com\/index.php\/wp-json\/wp\/v2\/product_brand?post=4596"},{"taxonomy":"product_cat","embeddable":true,"href":"https:\/\/gruposur-re.com\/index.php\/wp-json\/wp\/v2\/product_cat?post=4596"},{"taxonomy":"product_tag","embeddable":true,"href":"https:\/\/gruposur-re.com\/index.php\/wp-json\/wp\/v2\/product_tag?post=4596"}],"curies":[{"name":"wp","href":"https:\/\/api.w.org\/{rel}","templated":true}]}}