{"id":4585,"date":"2024-04-07T23:35:21","date_gmt":"2024-04-08T02:35:21","guid":{"rendered":"https:\/\/gruposur-re.com\/?post_type=product&#038;p=4585"},"modified":"2024-04-08T00:04:35","modified_gmt":"2024-04-08T03:04:35","slug":"vaso-stanley-quencher-1-18lts","status":"publish","type":"product","link":"https:\/\/gruposur-re.com\/index.php\/product\/vaso-stanley-quencher-1-18lts\/","title":{"rendered":"VASO STANLEY QUENCHER 1.18LTS"},"content":{"rendered":"<div class=\"stanleypm-stanleypm-4-x-product_description\">\n<div class=\"stanleypm-stanleypm-4-x-expanded\">\n<p>Construido con acero inoxidable, nuestro vaso Quencher ofrece la m\u00e1xima hidrataci\u00f3n con menos recargas. Al ir al trabajo, al entrenamiento o a las excursiones de un d\u00eda, querr\u00e1s tener este vaso a tu lado. Gracias al aislamiento al vac\u00edo de Stanley, tus bebidas se mantendr\u00e1n heladas, hora tras hora. La tapa FlowState\u2122 avanzada cuenta con una cubierta giratoria con tres posiciones: una abertura dise\u00f1ada para resistir las salpicaduras mientras mantiene el sorbete en su lugar, una abertura para beber y una tapa de cobertura completa. El asa ergon\u00f3mica incluye inserciones de agarre c\u00f3modo para transportarlo con facilidad, y la base angosta se adapta a casi cualquier portavasos de veh\u00edculo.<\/p>\n<\/div>\n<\/div>\n","protected":false},"excerpt":{"rendered":"<p>CAPACIDAD: 1.18lts<\/p>\n","protected":false},"featured_media":4586,"comment_status":"open","ping_status":"closed","template":"","meta":{"_joinchat":[]},"product_brand":[],"product_cat":[126],"product_tag":[],"class_list":{"0":"post-4585","1":"product","2":"type-product","3":"status-publish","4":"has-post-thumbnail","6":"product_cat-stanley-distribuidores-oficiales","8":"first","9":"instock","10":"shipping-taxable","11":"product-type-simple"},"_links":{"self":[{"href":"https:\/\/gruposur-re.com\/index.php\/wp-json\/wp\/v2\/product\/4585"}],"collection":[{"href":"https:\/\/gruposur-re.com\/index.php\/wp-json\/wp\/v2\/product"}],"about":[{"href":"https:\/\/gruposur-re.com\/index.php\/wp-json\/wp\/v2\/types\/product"}],"replies":[{"embeddable":true,"href":"https:\/\/gruposur-re.com\/index.php\/wp-json\/wp\/v2\/comments?post=4585"}],"wp:featuredmedia":[{"embeddable":true,"href":"https:\/\/gruposur-re.com\/index.php\/wp-json\/wp\/v2\/media\/4586"}],"wp:attachment":[{"href":"https:\/\/gruposur-re.com\/index.php\/wp-json\/wp\/v2\/media?parent=4585"}],"wp:term":[{"taxonomy":"product_brand","embeddable":true,"href":"https:\/\/gruposur-re.com\/index.php\/wp-json\/wp\/v2\/product_brand?post=4585"},{"taxonomy":"product_cat","embeddable":true,"href":"https:\/\/gruposur-re.com\/index.php\/wp-json\/wp\/v2\/product_cat?post=4585"},{"taxonomy":"product_tag","embeddable":true,"href":"https:\/\/gruposur-re.com\/index.php\/wp-json\/wp\/v2\/product_tag?post=4585"}],"curies":[{"name":"wp","href":"https:\/\/api.w.org\/{rel}","templated":true}]}}