{"id":4579,"date":"2024-04-07T23:28:26","date_gmt":"2024-04-08T02:28:26","guid":{"rendered":"https:\/\/gruposur-re.com\/?post_type=product&#038;p=4579"},"modified":"2024-04-08T00:06:20","modified_gmt":"2024-04-08T03:06:20","slug":"vaso-pinta-stanley-473-ml","status":"publish","type":"product","link":"https:\/\/gruposur-re.com\/index.php\/product\/vaso-pinta-stanley-473-ml\/","title":{"rendered":"VASO PINTA STANLEY 473 ML"},"content":{"rendered":"<div class=\"stanleypm-stanleypm-4-x-product_description\">\n<div class=\"stanleypm-stanleypm-4-x-expanded\">\n<p>Vaso t\u00e9rmico apilable con doble aislaci\u00f3n a prueba de golpes, ideal para que tu cerveza permanezca fr\u00eda. Son f\u00e1ciles de transportar, ideales para acampar, cumplea\u00f1os o llevar a cualquier ocasi\u00f3n, adem\u00e1s se apilan infinitamente para ahorrar espacio en tu cocina. Mantiene tus l\u00edquidos calientes durante 45 minutos, fr\u00edos durante 4 horas o congelados durante 15 horas. \u00a1Decile adi\u00f3s a los vasos desechables!<\/p>\n<\/div>\n<\/div>\n","protected":false},"excerpt":{"rendered":"<p><strong>CAPACIDAD:<\/strong> 473ml<\/p>\n","protected":false},"featured_media":4580,"comment_status":"open","ping_status":"closed","template":"","meta":{"_joinchat":[]},"product_brand":[],"product_cat":[126],"product_tag":[],"class_list":{"0":"post-4579","1":"product","2":"type-product","3":"status-publish","4":"has-post-thumbnail","6":"product_cat-stanley-distribuidores-oficiales","8":"first","9":"instock","10":"shipping-taxable","11":"product-type-simple"},"_links":{"self":[{"href":"https:\/\/gruposur-re.com\/index.php\/wp-json\/wp\/v2\/product\/4579"}],"collection":[{"href":"https:\/\/gruposur-re.com\/index.php\/wp-json\/wp\/v2\/product"}],"about":[{"href":"https:\/\/gruposur-re.com\/index.php\/wp-json\/wp\/v2\/types\/product"}],"replies":[{"embeddable":true,"href":"https:\/\/gruposur-re.com\/index.php\/wp-json\/wp\/v2\/comments?post=4579"}],"wp:featuredmedia":[{"embeddable":true,"href":"https:\/\/gruposur-re.com\/index.php\/wp-json\/wp\/v2\/media\/4580"}],"wp:attachment":[{"href":"https:\/\/gruposur-re.com\/index.php\/wp-json\/wp\/v2\/media?parent=4579"}],"wp:term":[{"taxonomy":"product_brand","embeddable":true,"href":"https:\/\/gruposur-re.com\/index.php\/wp-json\/wp\/v2\/product_brand?post=4579"},{"taxonomy":"product_cat","embeddable":true,"href":"https:\/\/gruposur-re.com\/index.php\/wp-json\/wp\/v2\/product_cat?post=4579"},{"taxonomy":"product_tag","embeddable":true,"href":"https:\/\/gruposur-re.com\/index.php\/wp-json\/wp\/v2\/product_tag?post=4579"}],"curies":[{"name":"wp","href":"https:\/\/api.w.org\/{rel}","templated":true}]}}