{"id":4565,"date":"2024-04-07T20:53:46","date_gmt":"2024-04-07T23:53:46","guid":{"rendered":"https:\/\/gruposur-re.com\/?post_type=product&#038;p=4565"},"modified":"2024-04-08T00:04:03","modified_gmt":"2024-04-08T03:04:03","slug":"vaso-stanley-quencher-tumb-591ml","status":"publish","type":"product","link":"https:\/\/gruposur-re.com\/index.php\/product\/vaso-stanley-quencher-tumb-591ml\/","title":{"rendered":"VASO STANLEY QUENCHER TUMB 591ML"},"content":{"rendered":"<p>S\u00faper vers\u00e1til y de tama\u00f1o perfecto, nuestro Quencher Stanley de 591ML cabe en cualquier lugar: escritorio, mesita de luz, portavasos. Ll\u00e9nalo con agua helada o tu caf\u00e9 helado favorito o batido de frutas. El aislamiento al vac\u00edo de doble pared mantendr\u00e1 las cosas fr\u00edas durante 8 horas y congeladas durante 30 horas. Y con la tapa avanzada FlowState\u2122, obtiene una tapa giratoria con tres posiciones: una abertura para sorbete dise\u00f1ada para resistir salpicaduras mientras mantiene el sorbete reutilizable en su lugar y una abertura para bebidas. Fabricado con un 90 % de acero inoxidable reciclado para ayudarte a llevar un estilo de vida m\u00e1s sostenible.<\/p>\n","protected":false},"excerpt":{"rendered":"<p><strong>CAPACIDAD:<\/strong> 591ml<\/p>\n","protected":false},"featured_media":4568,"comment_status":"open","ping_status":"closed","template":"","meta":{"_joinchat":[]},"product_brand":[],"product_cat":[126],"product_tag":[],"class_list":{"0":"post-4565","1":"product","2":"type-product","3":"status-publish","4":"has-post-thumbnail","6":"product_cat-stanley-distribuidores-oficiales","8":"first","9":"instock","10":"shipping-taxable","11":"product-type-simple"},"_links":{"self":[{"href":"https:\/\/gruposur-re.com\/index.php\/wp-json\/wp\/v2\/product\/4565"}],"collection":[{"href":"https:\/\/gruposur-re.com\/index.php\/wp-json\/wp\/v2\/product"}],"about":[{"href":"https:\/\/gruposur-re.com\/index.php\/wp-json\/wp\/v2\/types\/product"}],"replies":[{"embeddable":true,"href":"https:\/\/gruposur-re.com\/index.php\/wp-json\/wp\/v2\/comments?post=4565"}],"wp:featuredmedia":[{"embeddable":true,"href":"https:\/\/gruposur-re.com\/index.php\/wp-json\/wp\/v2\/media\/4568"}],"wp:attachment":[{"href":"https:\/\/gruposur-re.com\/index.php\/wp-json\/wp\/v2\/media?parent=4565"}],"wp:term":[{"taxonomy":"product_brand","embeddable":true,"href":"https:\/\/gruposur-re.com\/index.php\/wp-json\/wp\/v2\/product_brand?post=4565"},{"taxonomy":"product_cat","embeddable":true,"href":"https:\/\/gruposur-re.com\/index.php\/wp-json\/wp\/v2\/product_cat?post=4565"},{"taxonomy":"product_tag","embeddable":true,"href":"https:\/\/gruposur-re.com\/index.php\/wp-json\/wp\/v2\/product_tag?post=4565"}],"curies":[{"name":"wp","href":"https:\/\/api.w.org\/{rel}","templated":true}]}}