{"id":4419,"date":"2024-04-03T21:00:37","date_gmt":"2024-04-04T00:00:37","guid":{"rendered":"https:\/\/gruposur-re.com\/?post_type=product&#038;p=4419"},"modified":"2024-04-03T21:38:36","modified_gmt":"2024-04-04T00:38:36","slug":"cuchillo-nro-1","status":"publish","type":"product","link":"https:\/\/gruposur-re.com\/index.php\/product\/cuchillo-nro-1\/","title":{"rendered":"CUCHILLO Nro. 1"},"content":{"rendered":"<div class=\"woocommerce-tabs wc-tabs-wrapper sr-tabs\">\n<div class=\"tab-container clearfix\">\n<div id=\"tab-description\" class=\"tab-content woocommerce-Tabs-panel woocommerce-Tabs-panel--description panel entry-content wc-tab\">\n<div class=\"tab-wrapper wrapper-small\">\n<p><strong>DETALLES DEL PRODUCTO:<\/strong><\/p>\n<ul>\n<li>Hecho artesanalmente, afilado, listo para usar.<\/li>\n<li>Mangos ergon\u00f3micos y s\u00f3lidos para un agarre m\u00e1ximo.<\/li>\n<\/ul>\n<p><strong>CALIDAD PREMIUM.<\/strong><\/p>\n<p><strong>FOTOS A MODO ILUSTRATIVO.<\/strong><\/p>\n<\/div>\n<\/div>\n<\/div>\n<\/div>\n<div class=\"related products clearfix wrapper-medium\">\n<div class=\"section-title position-normal\"><\/div>\n<\/div>\n","protected":false},"excerpt":{"rendered":"<p><strong>MATERIAL:\u00a0<\/strong>Acero inoxidable<\/p>\n<p><strong>ELEMENTOS (2 PIEZAS):<\/strong><\/p>\n<ul>\n<li>Cuchillo n\u00ba 1 de acero inoxidable.<\/li>\n<li>Estuche contenedor de madera<\/li>\n<\/ul>\n<p><strong>SKU:<\/strong> K10001<\/p>\n","protected":false},"featured_media":4420,"comment_status":"open","ping_status":"closed","template":"","meta":{"_joinchat":[]},"product_brand":[],"product_cat":[67],"product_tag":[],"class_list":{"0":"post-4419","1":"product","2":"type-product","3":"status-publish","4":"has-post-thumbnail","6":"product_cat-cuchilleria","8":"first","9":"instock","10":"shipping-taxable","11":"product-type-simple"},"_links":{"self":[{"href":"https:\/\/gruposur-re.com\/index.php\/wp-json\/wp\/v2\/product\/4419"}],"collection":[{"href":"https:\/\/gruposur-re.com\/index.php\/wp-json\/wp\/v2\/product"}],"about":[{"href":"https:\/\/gruposur-re.com\/index.php\/wp-json\/wp\/v2\/types\/product"}],"replies":[{"embeddable":true,"href":"https:\/\/gruposur-re.com\/index.php\/wp-json\/wp\/v2\/comments?post=4419"}],"wp:featuredmedia":[{"embeddable":true,"href":"https:\/\/gruposur-re.com\/index.php\/wp-json\/wp\/v2\/media\/4420"}],"wp:attachment":[{"href":"https:\/\/gruposur-re.com\/index.php\/wp-json\/wp\/v2\/media?parent=4419"}],"wp:term":[{"taxonomy":"product_brand","embeddable":true,"href":"https:\/\/gruposur-re.com\/index.php\/wp-json\/wp\/v2\/product_brand?post=4419"},{"taxonomy":"product_cat","embeddable":true,"href":"https:\/\/gruposur-re.com\/index.php\/wp-json\/wp\/v2\/product_cat?post=4419"},{"taxonomy":"product_tag","embeddable":true,"href":"https:\/\/gruposur-re.com\/index.php\/wp-json\/wp\/v2\/product_tag?post=4419"}],"curies":[{"name":"wp","href":"https:\/\/api.w.org\/{rel}","templated":true}]}}